{"id":1135,"date":"2024-01-21T20:59:10","date_gmt":"2024-01-21T20:59:10","guid":{"rendered":"http:\/\/wlcakjj.cluster100.hosting.ovh.net\/?post_type=product&#038;p=1135"},"modified":"2024-04-17T01:13:26","modified_gmt":"2024-04-17T01:13:26","slug":"fromage-blanc-1kg-ail-fines-herbes","status":"publish","type":"product","link":"https:\/\/milkyfood.ma\/ar\/product\/fromage-blanc-1kg-ail-fines-herbes\/","title":{"rendered":"\u062c\u0628\u0646\u0629 \u0628\u064a\u0636\u0627\u0621 1\u0643\u063a"},"content":{"rendered":"<p>D\u00e9couvrez notre Fromage Blanc Ail &amp; Fines Herbes, une fusion parfaite entre la douceur du fromage blanc et le piquant de l&rsquo;ail associ\u00e9 \u00e0 la fra\u00eecheur des fines herbes. Cette cr\u00e9ation d\u00e9licate offre une exp\u00e9rience gustative \u00e9quilibr\u00e9e, id\u00e9ale pour agr\u00e9menter vos plats avec une touche raffin\u00e9e.<\/p>","protected":false},"excerpt":{"rendered":"<p class=\"m-0\">Nutriments | Teneur pour 100g<\/p>\n<ul>\n<li>Valeur \u00e9nerg\u00e9tique : 217 kcal \/ 951 kj<\/li>\n<li>Prot\u00e9ines : 4 g<\/li>\n<li>Lipides: 21 g<\/li>\n<li>Glucides: 5 g<\/li>\n<\/ul>","protected":false},"featured_media":3911,"comment_status":"open","ping_status":"closed","template":"","meta":[],"product_cat":[25],"product_tag":[],"class_list":{"0":"post-1135","1":"product","2":"type-product","3":"status-publish","4":"has-post-thumbnail","6":"product_cat-fromages-blancs-ail-fines-herbes","8":"first","9":"instock","10":"shipping-taxable","11":"product-type-simple"},"acf":[],"yoast_head":"<!-- This site is optimized with the Yoast SEO plugin v23.0 - https:\/\/yoast.com\/wordpress\/plugins\/seo\/ -->\n<title>Fromage Blanc 1kg - Milky Food Maroc<\/title>\n<meta name=\"description\" content=\"Nutriments | Teneur pour 100g    Valeur \u00e9nerg\u00e9tique : 217 kcal \/ 951 kj  Prot\u00e9ines : 4 g  Lipides: 21 g  Glucides: 5 g\" \/>\n<meta name=\"robots\" content=\"index, follow, max-snippet:-1, max-image-preview:large, max-video-preview:-1\" \/>\n<link rel=\"canonical\" href=\"https:\/\/milkyfood.ma\/ar\/product\/fromage-blanc-1kg-ail-fines-herbes\/\" \/>\n<meta property=\"og:locale\" content=\"ar_AR\" \/>\n<meta property=\"og:type\" content=\"article\" \/>\n<meta property=\"og:title\" content=\"Fromage Blanc 1kg - Milky Food Maroc\" \/>\n<meta property=\"og:description\" content=\"Nutriments | Teneur pour 100g    Valeur \u00e9nerg\u00e9tique : 217 kcal \/ 951 kj  Prot\u00e9ines : 4 g  Lipides: 21 g  Glucides: 5 g\" \/>\n<meta property=\"og:url\" content=\"https:\/\/milkyfood.ma\/ar\/product\/fromage-blanc-1kg-ail-fines-herbes\/\" \/>\n<meta property=\"og:site_name\" content=\"Milky Food Maroc\" \/>\n<meta property=\"article:publisher\" content=\"https:\/\/web.facebook.com\/milkyfood.morocco\" \/>\n<meta property=\"article:modified_time\" content=\"2024-04-17T01:13:26+00:00\" \/>\n<meta property=\"og:image\" content=\"https:\/\/milkyfood.ma\/wp-content\/uploads\/2024\/01\/Fromage-Blanc-AFH_milkyfood_1Kg-4-min-994x1024-1.png\" \/>\n\t<meta property=\"og:image:width\" content=\"994\" \/>\n\t<meta property=\"og:image:height\" content=\"1024\" \/>\n\t<meta property=\"og:image:type\" content=\"image\/png\" \/>\n<meta name=\"twitter:card\" content=\"summary_large_image\" \/>\n<script type=\"application\/ld+json\" class=\"yoast-schema-graph\">{\"@context\":\"https:\/\/schema.org\",\"@graph\":[{\"@type\":\"WebPage\",\"@id\":\"https:\/\/milkyfood.ma\/product\/fromage-blanc-1kg-ail-fines-herbes\/\",\"url\":\"https:\/\/milkyfood.ma\/product\/fromage-blanc-1kg-ail-fines-herbes\/\",\"name\":\"Fromage Blanc 1kg - Milky Food Maroc\",\"isPartOf\":{\"@id\":\"https:\/\/milkyfood.ma\/#website\"},\"primaryImageOfPage\":{\"@id\":\"https:\/\/milkyfood.ma\/product\/fromage-blanc-1kg-ail-fines-herbes\/#primaryimage\"},\"image\":{\"@id\":\"https:\/\/milkyfood.ma\/product\/fromage-blanc-1kg-ail-fines-herbes\/#primaryimage\"},\"thumbnailUrl\":\"https:\/\/milkyfood.ma\/wp-content\/uploads\/2024\/01\/Fromage-Blanc-AFH_milkyfood_1Kg-4-min-994x1024-1.png\",\"datePublished\":\"2024-01-21T20:59:10+00:00\",\"dateModified\":\"2024-04-17T01:13:26+00:00\",\"description\":\"Nutriments | Teneur pour 100g Valeur \u00e9nerg\u00e9tique : 217 kcal \/ 951 kj Prot\u00e9ines : 4 g Lipides: 21 g Glucides: 5 g\",\"breadcrumb\":{\"@id\":\"https:\/\/milkyfood.ma\/product\/fromage-blanc-1kg-ail-fines-herbes\/#breadcrumb\"},\"inLanguage\":\"ary\",\"potentialAction\":[{\"@type\":\"ReadAction\",\"target\":[\"https:\/\/milkyfood.ma\/product\/fromage-blanc-1kg-ail-fines-herbes\/\"]}]},{\"@type\":\"ImageObject\",\"inLanguage\":\"ary\",\"@id\":\"https:\/\/milkyfood.ma\/product\/fromage-blanc-1kg-ail-fines-herbes\/#primaryimage\",\"url\":\"https:\/\/milkyfood.ma\/wp-content\/uploads\/2024\/01\/Fromage-Blanc-AFH_milkyfood_1Kg-4-min-994x1024-1.png\",\"contentUrl\":\"https:\/\/milkyfood.ma\/wp-content\/uploads\/2024\/01\/Fromage-Blanc-AFH_milkyfood_1Kg-4-min-994x1024-1.png\",\"width\":994,\"height\":1024},{\"@type\":\"BreadcrumbList\",\"@id\":\"https:\/\/milkyfood.ma\/product\/fromage-blanc-1kg-ail-fines-herbes\/#breadcrumb\",\"itemListElement\":[{\"@type\":\"ListItem\",\"position\":1,\"name\":\"Accueil\",\"item\":\"https:\/\/milkyfood.ma\/\"},{\"@type\":\"ListItem\",\"position\":2,\"name\":\"Shop\",\"item\":\"https:\/\/milkyfood.ma\/shop\/\"},{\"@type\":\"ListItem\",\"position\":3,\"name\":\"Fromage Blanc 1kg\"}]},{\"@type\":\"WebSite\",\"@id\":\"https:\/\/milkyfood.ma\/#website\",\"url\":\"https:\/\/milkyfood.ma\/\",\"name\":\"Milky Food Maroc\",\"description\":\"Fromages, Cr\u00e8mes &amp; Desserts\",\"publisher\":{\"@id\":\"https:\/\/milkyfood.ma\/#organization\"},\"alternateName\":\"MilkyFood Maroc\",\"potentialAction\":[{\"@type\":\"SearchAction\",\"target\":{\"@type\":\"EntryPoint\",\"urlTemplate\":\"https:\/\/milkyfood.ma\/?s={search_term_string}\"},\"query-input\":\"required name=search_term_string\"}],\"inLanguage\":\"ary\"},{\"@type\":\"Organization\",\"@id\":\"https:\/\/milkyfood.ma\/#organization\",\"name\":\"Milky Food Maroc\",\"alternateName\":\"MilkyFood Maroc\",\"url\":\"https:\/\/milkyfood.ma\/\",\"logo\":{\"@type\":\"ImageObject\",\"inLanguage\":\"ary\",\"@id\":\"https:\/\/milkyfood.ma\/#\/schema\/logo\/image\/\",\"url\":\"http:\/\/wlcakjj.cluster100.hosting.ovh.net\/wp-content\/uploads\/2024\/07\/milkyfood-logo-min.png\",\"contentUrl\":\"http:\/\/wlcakjj.cluster100.hosting.ovh.net\/wp-content\/uploads\/2024\/07\/milkyfood-logo-min.png\",\"width\":256,\"height\":115,\"caption\":\"Milky Food Maroc\"},\"image\":{\"@id\":\"https:\/\/milkyfood.ma\/#\/schema\/logo\/image\/\"},\"sameAs\":[\"https:\/\/web.facebook.com\/milkyfood.morocco\",\"https:\/\/www.instagram.com\/milkyfood.maroc\/\"]}]}<\/script>\n<!-- \/ Yoast SEO plugin. -->","yoast_head_json":{"title":"Fromage Blanc 1kg - Milky Food Maroc","description":"Nutriments | Teneur pour 100g    Valeur \u00e9nerg\u00e9tique : 217 kcal \/ 951 kj  Prot\u00e9ines : 4 g  Lipides: 21 g  Glucides: 5 g","robots":{"index":"index","follow":"follow","max-snippet":"max-snippet:-1","max-image-preview":"max-image-preview:large","max-video-preview":"max-video-preview:-1"},"canonical":"https:\/\/milkyfood.ma\/ar\/product\/fromage-blanc-1kg-ail-fines-herbes\/","og_locale":"ar_AR","og_type":"article","og_title":"Fromage Blanc 1kg - Milky Food Maroc","og_description":"Nutriments | Teneur pour 100g    Valeur \u00e9nerg\u00e9tique : 217 kcal \/ 951 kj  Prot\u00e9ines : 4 g  Lipides: 21 g  Glucides: 5 g","og_url":"https:\/\/milkyfood.ma\/ar\/product\/fromage-blanc-1kg-ail-fines-herbes\/","og_site_name":"Milky Food Maroc","article_publisher":"https:\/\/web.facebook.com\/milkyfood.morocco","article_modified_time":"2024-04-17T01:13:26+00:00","og_image":[{"width":994,"height":1024,"url":"https:\/\/milkyfood.ma\/wp-content\/uploads\/2024\/01\/Fromage-Blanc-AFH_milkyfood_1Kg-4-min-994x1024-1.png","type":"image\/png"}],"twitter_card":"summary_large_image","schema":{"@context":"https:\/\/schema.org","@graph":[{"@type":"WebPage","@id":"https:\/\/milkyfood.ma\/product\/fromage-blanc-1kg-ail-fines-herbes\/","url":"https:\/\/milkyfood.ma\/product\/fromage-blanc-1kg-ail-fines-herbes\/","name":"Fromage Blanc 1kg - Milky Food Maroc","isPartOf":{"@id":"https:\/\/milkyfood.ma\/#website"},"primaryImageOfPage":{"@id":"https:\/\/milkyfood.ma\/product\/fromage-blanc-1kg-ail-fines-herbes\/#primaryimage"},"image":{"@id":"https:\/\/milkyfood.ma\/product\/fromage-blanc-1kg-ail-fines-herbes\/#primaryimage"},"thumbnailUrl":"https:\/\/milkyfood.ma\/wp-content\/uploads\/2024\/01\/Fromage-Blanc-AFH_milkyfood_1Kg-4-min-994x1024-1.png","datePublished":"2024-01-21T20:59:10+00:00","dateModified":"2024-04-17T01:13:26+00:00","description":"Nutriments | Teneur pour 100g Valeur \u00e9nerg\u00e9tique : 217 kcal \/ 951 kj Prot\u00e9ines : 4 g Lipides: 21 g Glucides: 5 g","breadcrumb":{"@id":"https:\/\/milkyfood.ma\/product\/fromage-blanc-1kg-ail-fines-herbes\/#breadcrumb"},"inLanguage":"ary","potentialAction":[{"@type":"ReadAction","target":["https:\/\/milkyfood.ma\/product\/fromage-blanc-1kg-ail-fines-herbes\/"]}]},{"@type":"ImageObject","inLanguage":"ary","@id":"https:\/\/milkyfood.ma\/product\/fromage-blanc-1kg-ail-fines-herbes\/#primaryimage","url":"https:\/\/milkyfood.ma\/wp-content\/uploads\/2024\/01\/Fromage-Blanc-AFH_milkyfood_1Kg-4-min-994x1024-1.png","contentUrl":"https:\/\/milkyfood.ma\/wp-content\/uploads\/2024\/01\/Fromage-Blanc-AFH_milkyfood_1Kg-4-min-994x1024-1.png","width":994,"height":1024},{"@type":"BreadcrumbList","@id":"https:\/\/milkyfood.ma\/product\/fromage-blanc-1kg-ail-fines-herbes\/#breadcrumb","itemListElement":[{"@type":"ListItem","position":1,"name":"Accueil","item":"https:\/\/milkyfood.ma\/"},{"@type":"ListItem","position":2,"name":"Shop","item":"https:\/\/milkyfood.ma\/shop\/"},{"@type":"ListItem","position":3,"name":"Fromage Blanc 1kg"}]},{"@type":"WebSite","@id":"https:\/\/milkyfood.ma\/#website","url":"https:\/\/milkyfood.ma\/","name":"Milky Food Maroc","description":"Fromages, Cr\u00e8mes &amp; Desserts","publisher":{"@id":"https:\/\/milkyfood.ma\/#organization"},"alternateName":"MilkyFood Maroc","potentialAction":[{"@type":"SearchAction","target":{"@type":"EntryPoint","urlTemplate":"https:\/\/milkyfood.ma\/?s={search_term_string}"},"query-input":"required name=search_term_string"}],"inLanguage":"ary"},{"@type":"Organization","@id":"https:\/\/milkyfood.ma\/#organization","name":"Milky Food Maroc","alternateName":"MilkyFood Maroc","url":"https:\/\/milkyfood.ma\/","logo":{"@type":"ImageObject","inLanguage":"ary","@id":"https:\/\/milkyfood.ma\/#\/schema\/logo\/image\/","url":"http:\/\/wlcakjj.cluster100.hosting.ovh.net\/wp-content\/uploads\/2024\/07\/milkyfood-logo-min.png","contentUrl":"http:\/\/wlcakjj.cluster100.hosting.ovh.net\/wp-content\/uploads\/2024\/07\/milkyfood-logo-min.png","width":256,"height":115,"caption":"Milky Food Maroc"},"image":{"@id":"https:\/\/milkyfood.ma\/#\/schema\/logo\/image\/"},"sameAs":["https:\/\/web.facebook.com\/milkyfood.morocco","https:\/\/www.instagram.com\/milkyfood.maroc\/"]}]}},"_links":{"self":[{"href":"https:\/\/milkyfood.ma\/ar\/wp-json\/wp\/v2\/product\/1135","targetHints":{"allow":["GET"]}}],"collection":[{"href":"https:\/\/milkyfood.ma\/ar\/wp-json\/wp\/v2\/product"}],"about":[{"href":"https:\/\/milkyfood.ma\/ar\/wp-json\/wp\/v2\/types\/product"}],"replies":[{"embeddable":true,"href":"https:\/\/milkyfood.ma\/ar\/wp-json\/wp\/v2\/comments?post=1135"}],"wp:featuredmedia":[{"embeddable":true,"href":"https:\/\/milkyfood.ma\/ar\/wp-json\/wp\/v2\/media\/3911"}],"wp:attachment":[{"href":"https:\/\/milkyfood.ma\/ar\/wp-json\/wp\/v2\/media?parent=1135"}],"wp:term":[{"taxonomy":"product_cat","embeddable":true,"href":"https:\/\/milkyfood.ma\/ar\/wp-json\/wp\/v2\/product_cat?post=1135"},{"taxonomy":"product_tag","embeddable":true,"href":"https:\/\/milkyfood.ma\/ar\/wp-json\/wp\/v2\/product_tag?post=1135"}],"curies":[{"name":"wp","href":"https:\/\/api.w.org\/{rel}","templated":true}]}}